{"id":1586,"date":"2022-08-15T09:46:06","date_gmt":"2022-08-15T13:46:06","guid":{"rendered":"https:\/\/pgm.2point0media.com\/declaration-de-confidentialite\/"},"modified":"2024-10-11T15:37:36","modified_gmt":"2024-10-11T19:37:36","slug":"declaration-de-confidentialite","status":"publish","type":"page","link":"https:\/\/pgmglobal.com\/fr\/declaration-de-confidentialite\/","title":{"rendered":"D\u00e9claration de confidentialit\u00e9"},"content":{"rendered":"\t\t<div data-elementor-type=\"wp-page\" data-elementor-id=\"1586\" class=\"elementor elementor-1586 elementor-816\" data-elementor-post-type=\"page\">\n\t\t\t\t\t\t<section class=\"elementor-section elementor-top-section elementor-element elementor-element-26ea6bf elementor-section-boxed elementor-section-height-default elementor-section-height-default\" data-id=\"26ea6bf\" data-element_type=\"section\" data-e-type=\"section\" data-settings=\"{&quot;background_background&quot;:&quot;classic&quot;}\">\n\t\t\t\t\t\t<div class=\"elementor-container elementor-column-gap-wider\">\n\t\t\t\t\t<div class=\"elementor-column elementor-col-100 elementor-top-column elementor-element elementor-element-d46358a\" data-id=\"d46358a\" data-element_type=\"column\" data-e-type=\"column\">\n\t\t\t<div class=\"elementor-widget-wrap elementor-element-populated\">\n\t\t\t\t\t\t<div class=\"elementor-element elementor-element-5133e24 elementor-widget elementor-widget-heading\" data-id=\"5133e24\" data-element_type=\"widget\" data-e-type=\"widget\" data-widget_type=\"heading.default\">\n\t\t\t\t<div class=\"elementor-widget-container\">\n\t\t\t\t\t<h2 class=\"elementor-heading-title elementor-size-default\">D\u00e9claration de confidentialit\u00e9<\/h2>\t\t\t\t<\/div>\n\t\t\t\t<\/div>\n\t\t\t\t<div class=\"elementor-element elementor-element-883f601 elementor-widget elementor-widget-text-editor\" data-id=\"883f601\" data-element_type=\"widget\" data-e-type=\"widget\" data-widget_type=\"text-editor.default\">\n\t\t\t\t<div class=\"elementor-widget-container\">\n\t\t\t\t\t\t\t\t\t<p>PGM Global Lt\u00e9e s\u2019efforce de prot\u00e9ger le caract\u00e8re priv\u00e9 de vos renseignements personnels et de maintenir une politique g\u00e9n\u00e9rale de transparence en ce qui a trait \u00e0 la collecte, \u00e0 l\u2019utilisation et la divulgation de vos renseignements personnels (tels que d\u00e9finis ci-dessous).<\/p>\n<p>Notre d\u00e9claration sur la protection des renseignements personnels a pour objet de vous renseigner sur nos pratiques de collecte, d\u2019utilisation, de divulgation et de protection des renseignements personnels qui peuvent nous \u00eatre fournis lors de l\u2019acc\u00e8s \u00e0 notre site Web et pendant son utilisation, ou par le biais de nos documents d\u2019ouverture de comptes.<\/p>\n<p>Notre d\u00e9claration sur la protection des renseignements personnels vous indique aussi comment communiquer avec nous pour poser des questions concernant les renseignements personnels que nous pourrions d\u00e9tenir \u00e0 votre sujet et nous demander d\u2019y apporter des changements ou de supprimer certaines donn\u00e9es. Nous vous recommandons fortement de prendre le temps de lire la d\u00e9claration sur la protection des renseignements personnels et de la consulter de temps \u00e0 autre. <\/p>\n\t\t\t\t\t\t\t\t<\/div>\n\t\t\t\t<\/div>\n\t\t\t\t<div class=\"elementor-element elementor-element-0352ab1 elementor-widget elementor-widget-heading\" data-id=\"0352ab1\" data-element_type=\"widget\" data-e-type=\"widget\" data-widget_type=\"heading.default\">\n\t\t\t\t<div class=\"elementor-widget-container\">\n\t\t\t\t\t<h2 class=\"elementor-heading-title elementor-size-default\">LES RENSEIGNEMENTS PERSONNELS QUE NOUS RECUEILLONS<\/h2>\t\t\t\t<\/div>\n\t\t\t\t<\/div>\n\t\t\t\t<div class=\"elementor-element elementor-element-5993834 elementor-widget elementor-widget-text-editor\" data-id=\"5993834\" data-element_type=\"widget\" data-e-type=\"widget\" data-widget_type=\"text-editor.default\">\n\t\t\t\t<div class=\"elementor-widget-container\">\n\t\t\t\t\t\t\t\t\t<p>Dans cette d\u00e9claration, nous entendons par \u00ab renseignements personnels \u00bb les renseignements qui concernent une personne identifiable ou qui permettent d\u2019identifier une personne, mais qui ne sont pas d\u2019ordre commercial. <strong>En r\u00e8gle g\u00e9n\u00e9rale, nous ne recueillons pas de renseignements personnels.<\/strong><\/p>\n<p>Si nous vous demandons des renseignements personnels, nous vous ferons conna\u00eetre la raison pour laquelle nous recueillons de tels renseignements et l\u2019usage qui en sera fait.<\/p>\n\t\t\t\t\t\t\t\t<\/div>\n\t\t\t\t<\/div>\n\t\t\t\t<div class=\"elementor-element elementor-element-c86afe2 elementor-widget elementor-widget-heading\" data-id=\"c86afe2\" data-element_type=\"widget\" data-e-type=\"widget\" data-widget_type=\"heading.default\">\n\t\t\t\t<div class=\"elementor-widget-container\">\n\t\t\t\t\t<h2 class=\"elementor-heading-title elementor-size-default\">SURVEILLANCE DES COMMUNICATIONS\n\n<\/h2>\t\t\t\t<\/div>\n\t\t\t\t<\/div>\n\t\t\t\t<div class=\"elementor-element elementor-element-e6cb837 elementor-widget elementor-widget-text-editor\" data-id=\"e6cb837\" data-element_type=\"widget\" data-e-type=\"widget\" data-widget_type=\"text-editor.default\">\n\t\t\t\t<div class=\"elementor-widget-container\">\n\t\t\t\t\t\t\t\t\t<p>Nous enregistrons et surveillons toutes les conversations t\u00e9l\u00e9phoniques que vous pouvez avoir avec nous. De plus, toutes les communications achemin\u00e9es par la poste, par syst\u00e8me de communication \u00e9lectronique (y compris, notamment, le courrier \u00e9lectronique), par t\u00e9l\u00e9copie ou autrement pourront \u00eatre surveill\u00e9es, enregistr\u00e9es et archiv\u00e9es. <\/p>\n\t\t\t\t\t\t\t\t<\/div>\n\t\t\t\t<\/div>\n\t\t\t\t<div class=\"elementor-element elementor-element-a8e1fb5 elementor-widget elementor-widget-heading\" data-id=\"a8e1fb5\" data-element_type=\"widget\" data-e-type=\"widget\" data-widget_type=\"heading.default\">\n\t\t\t\t<div class=\"elementor-widget-container\">\n\t\t\t\t\t<h2 class=\"elementor-heading-title elementor-size-default\">SI NOUS DIVULGUONS VOS RENSEIGNEMENTS PERSONNELS\n\n\n<\/h2>\t\t\t\t<\/div>\n\t\t\t\t<\/div>\n\t\t\t\t<div class=\"elementor-element elementor-element-54c3fd4 elementor-widget elementor-widget-text-editor\" data-id=\"54c3fd4\" data-element_type=\"widget\" data-e-type=\"widget\" data-widget_type=\"text-editor.default\">\n\t\t\t\t<div class=\"elementor-widget-container\">\n\t\t\t\t\t\t\t\t\t<p>Si nous recueillons vos renseignements personnels, nous nous engageons \u00e0 ne pas les vendre, c\u00e9der sous licence ou louer \u00e0 des tiers ni \u00e0 les \u00e9changer avec des tiers. Nous pourrions toutefois communiquer vos renseignements personnels \u00e0 nos affili\u00e9s pour les fins pour lesquels ils ont \u00e9t\u00e9 recueillis. <\/p>\n<p>Si vous nous fournissez des renseignements personnels, il peut arriver que nous les communiquions \u00e0 des tiers engag\u00e9s pour nous aider \u00e0 vous fournir des services. Ces fournisseurs de services ne sont pas autoris\u00e9s \u00e0 utiliser vos renseignements personnels en dehors du mandat que nous leur confions. <\/p>\n<p>Nous nous r\u00e9servons le droit de divulguer des renseignements personnels \u00e0 un tiers (y compris, par exemple, \u00e0 tout organisme r\u00e9glementaire ou organisme gouvernemental) si une loi, un r\u00e8glement, un mandat de perquisition, un bref d\u2019assignation ou si une ordonnance d\u2019un tribunal ou d\u2019un organisme d\u2019autor\u00e9glementation l\u2019exige ou nous autorise \u00e0 le faire.<\/p>\n<p>Nous nous r\u00e9servons le droit de divulguer et\/ou de transf\u00e9rer des renseignements personnels \u00e0 un tiers dans le cas d\u2019un projet d\u2019achat ou d\u2019un achat effectif, d\u2019une vente (y compris une liquidation, la r\u00e9alisation d\u2019un actif, une saisie ou une reprise de possession), d\u2019un bail, d\u2019une fusion, d\u2019un regroupement ou de toute autre forme d\u2019acquisition, de cession, de transfert, de financement de la totalit\u00e9 ou d\u2019une partie des affaires de PGM Global, des \u00e9l\u00e9ments d\u2019actif ou des actions ou de l\u2019un de ses affili\u00e9s, afin que vous puissiez continuer de recevoir les m\u00eames produits et services du tiers acqu\u00e9reur.<\/p>\n\t\t\t\t\t\t\t\t<\/div>\n\t\t\t\t<\/div>\n\t\t\t\t<div class=\"elementor-element elementor-element-5b5619d elementor-widget elementor-widget-heading\" data-id=\"5b5619d\" data-element_type=\"widget\" data-e-type=\"widget\" data-widget_type=\"heading.default\">\n\t\t\t\t<div class=\"elementor-widget-container\">\n\t\t\t\t\t<h2 class=\"elementor-heading-title elementor-size-default\">MESURES DE S\u00c9CURIT\u00c9\n\n<\/h2>\t\t\t\t<\/div>\n\t\t\t\t<\/div>\n\t\t\t\t<div class=\"elementor-element elementor-element-4b488eb elementor-widget elementor-widget-text-editor\" data-id=\"4b488eb\" data-element_type=\"widget\" data-e-type=\"widget\" data-widget_type=\"text-editor.default\">\n\t\t\t\t<div class=\"elementor-widget-container\">\n\t\t\t\t\t\t\t\t\t<p>Nous nous engageons \u00e0 prot\u00e9ger vos renseignements personnels au moyen de mesures de s\u00e9curit\u00e9 appropri\u00e9es \u00e0 l\u2019information que nous avons recueillie. Ces mesures sont notamment: <\/p>\n<ul>\n<li>l\u2019adoption de politiques et de proc\u00e9dures qui mettent en place des moyens physiques, \u00e9lectroniques et autres pour assurer la s\u00e9curit\u00e9 de vos renseignements;<\/li>\n<li>la restriction de l\u2019acc\u00e8s aux renseignements personnels aux seuls employ\u00e9s qui en ont besoin dans l\u2019exercice de leurs fonctions;<\/li>\n<li>l\u2019obligation des tiers qui assurent la prestation de services pour nous de s\u2019engager \u00e0 ce que vos renseignements demeurent strictement confidentiels;<\/li>\n<li>la protection des renseignements de vos anciens clients au m\u00eame titre que ceux de vos clients actuels.<\/li>\n<\/ul>\n\t\t\t\t\t\t\t\t<\/div>\n\t\t\t\t<\/div>\n\t\t\t\t<div class=\"elementor-element elementor-element-0e428ad elementor-widget elementor-widget-heading\" data-id=\"0e428ad\" data-element_type=\"widget\" data-e-type=\"widget\" data-widget_type=\"heading.default\">\n\t\t\t\t<div class=\"elementor-widget-container\">\n\t\t\t\t\t<h2 class=\"elementor-heading-title elementor-size-default\">ACC\u00c8S \u00c0 VOTRE DOSSIER\n\n\n<\/h2>\t\t\t\t<\/div>\n\t\t\t\t<\/div>\n\t\t\t\t<div class=\"elementor-element elementor-element-4a374e0 elementor-widget elementor-widget-text-editor\" data-id=\"4a374e0\" data-element_type=\"widget\" data-e-type=\"widget\" data-widget_type=\"text-editor.default\">\n\t\t\t\t<div class=\"elementor-widget-container\">\n\t\t\t\t\t\t\t\t\t<div>\n<div>\n<div role=\"main\">\n<div>\n<div>\n<div>\n<p>En tout temps, vous pourrez consulter votre dossier et les renseignements personnels que nous d\u00e9tenons \u00e0 votre sujet, les r\u00e9viser, les modifier, les corriger ou nous demander de les supprimer en adressant votre demande par \u00e9crit \u00e0 l\u2019attention du Service de la conformit\u00e9, au 1010 de la Gaucheti\u00e8re Ouest, Bureau 2020, Montr\u00e9al, Qu\u00e9bec-H3B 2N2,Canada.<\/p>\n<\/div>\n<\/div>\n<\/div>\n<\/div>\n<\/div>\n<\/div>\t\t\t\t\t\t\t\t<\/div>\n\t\t\t\t<\/div>\n\t\t\t\t<div class=\"elementor-element elementor-element-34d84e3 elementor-widget elementor-widget-heading\" data-id=\"34d84e3\" data-element_type=\"widget\" data-e-type=\"widget\" data-widget_type=\"heading.default\">\n\t\t\t\t<div class=\"elementor-widget-container\">\n\t\t\t\t\t<h2 class=\"elementor-heading-title elementor-size-default\">UTILISATION DE COOKIES<\/h2>\t\t\t\t<\/div>\n\t\t\t\t<\/div>\n\t\t\t\t<div class=\"elementor-element elementor-element-754b864 elementor-widget elementor-widget-text-editor\" data-id=\"754b864\" data-element_type=\"widget\" data-e-type=\"widget\" data-widget_type=\"text-editor.default\">\n\t\t\t\t<div class=\"elementor-widget-container\">\n\t\t\t\t\t\t\t\t\tPour rendre plus efficaces vos visites de notre site, il se peut que nous utilisions des \u00ab cookies \u00bb pour obtenir des renseignements autres que personnels. Il s\u2019agit de petits fichiers d\u2019information que le navigateur ins\u00e8re sur votre ordinateur lorsque vous visitez un site Web. Il pourrait arriver que nous regroupions ces donn\u00e9es pour analyser le comportement des visiteurs de notre site; cependant, les r\u00e9sultats ne seront en aucune mani\u00e8re associ\u00e9s \u00e0 des donn\u00e9es d\u2019identification personnelle.\t\t\t\t\t\t\t\t<\/div>\n\t\t\t\t<\/div>\n\t\t\t\t\t<\/div>\n\t\t<\/div>\n\t\t\t\t\t<\/div>\n\t\t<\/section>\n\t\t\t\t<\/div>\n\t\t","protected":false},"excerpt":{"rendered":"<p>D\u00e9claration de confidentialit\u00e9 PGM Global Lt\u00e9e s\u2019efforce de prot\u00e9ger le caract\u00e8re priv\u00e9 de vos renseignements personnels et de maintenir une politique g\u00e9n\u00e9rale de transparence en ce qui a trait \u00e0 la collecte, \u00e0 l\u2019utilisation et la divulgation de vos renseignements personnels (tels que d\u00e9finis ci-dessous). Notre d\u00e9claration sur la protection des renseignements personnels a pour [&hellip;]<\/p>\n","protected":false},"author":2,"featured_media":0,"parent":0,"menu_order":0,"comment_status":"closed","ping_status":"closed","template":"elementor_header_footer","meta":{"footnotes":""},"class_list":["post-1586","page","type-page","status-publish","hentry"],"yoast_head":"<!-- This site is optimized with the Yoast SEO plugin v27.0 - https:\/\/yoast.com\/product\/yoast-seo-wordpress\/ -->\n<title>D\u00e9claration de confidentialit\u00e9 - PGM Global<\/title>\n<meta name=\"robots\" content=\"index, follow, max-snippet:-1, max-image-preview:large, max-video-preview:-1\" \/>\n<link rel=\"canonical\" href=\"https:\/\/pgmglobal.com\/fr\/declaration-de-confidentialite\/\" \/>\n<meta property=\"og:locale\" content=\"fr_FR\" \/>\n<meta property=\"og:type\" content=\"article\" \/>\n<meta property=\"og:title\" content=\"D\u00e9claration de confidentialit\u00e9 - PGM Global\" \/>\n<meta property=\"og:description\" content=\"D\u00e9claration de confidentialit\u00e9 PGM Global Lt\u00e9e s\u2019efforce de prot\u00e9ger le caract\u00e8re priv\u00e9 de vos renseignements personnels et de maintenir une politique g\u00e9n\u00e9rale de transparence en ce qui a trait \u00e0 la collecte, \u00e0 l\u2019utilisation et la divulgation de vos renseignements personnels (tels que d\u00e9finis ci-dessous). Notre d\u00e9claration sur la protection des renseignements personnels a pour [&hellip;]\" \/>\n<meta property=\"og:url\" content=\"https:\/\/pgmglobal.com\/fr\/declaration-de-confidentialite\/\" \/>\n<meta property=\"og:site_name\" content=\"PGM Global\" \/>\n<meta property=\"article:modified_time\" content=\"2024-10-11T19:37:36+00:00\" \/>\n<meta name=\"twitter:card\" content=\"summary_large_image\" \/>\n<meta name=\"twitter:label1\" content=\"Dur\u00e9e de lecture estim\u00e9e\" \/>\n\t<meta name=\"twitter:data1\" content=\"4 minutes\" \/>\n<script type=\"application\/ld+json\" class=\"yoast-schema-graph\">{\"@context\":\"https:\/\/schema.org\",\"@graph\":[{\"@type\":\"WebPage\",\"@id\":\"https:\/\/pgmglobal.com\/fr\/declaration-de-confidentialite\/\",\"url\":\"https:\/\/pgmglobal.com\/fr\/declaration-de-confidentialite\/\",\"name\":\"D\u00e9claration de confidentialit\u00e9 - PGM Global\",\"isPartOf\":{\"@id\":\"https:\/\/pgmglobal.com\/fr\/#website\"},\"datePublished\":\"2022-08-15T13:46:06+00:00\",\"dateModified\":\"2024-10-11T19:37:36+00:00\",\"breadcrumb\":{\"@id\":\"https:\/\/pgmglobal.com\/fr\/declaration-de-confidentialite\/#breadcrumb\"},\"inLanguage\":\"fr-FR\",\"potentialAction\":[{\"@type\":\"ReadAction\",\"target\":[\"https:\/\/pgmglobal.com\/fr\/declaration-de-confidentialite\/\"]}]},{\"@type\":\"BreadcrumbList\",\"@id\":\"https:\/\/pgmglobal.com\/fr\/declaration-de-confidentialite\/#breadcrumb\",\"itemListElement\":[{\"@type\":\"ListItem\",\"position\":1,\"name\":\"Home\",\"item\":\"https:\/\/pgmglobal.com\/fr\/\"},{\"@type\":\"ListItem\",\"position\":2,\"name\":\"D\u00e9claration de confidentialit\u00e9\"}]},{\"@type\":\"WebSite\",\"@id\":\"https:\/\/pgmglobal.com\/fr\/#website\",\"url\":\"https:\/\/pgmglobal.com\/fr\/\",\"name\":\"PGM Global\",\"description\":\"\",\"publisher\":{\"@id\":\"https:\/\/pgmglobal.com\/fr\/#organization\"},\"potentialAction\":[{\"@type\":\"SearchAction\",\"target\":{\"@type\":\"EntryPoint\",\"urlTemplate\":\"https:\/\/pgmglobal.com\/fr\/?s={search_term_string}\"},\"query-input\":{\"@type\":\"PropertyValueSpecification\",\"valueRequired\":true,\"valueName\":\"search_term_string\"}}],\"inLanguage\":\"fr-FR\"},{\"@type\":\"Organization\",\"@id\":\"https:\/\/pgmglobal.com\/fr\/#organization\",\"name\":\"PGM Global\",\"url\":\"https:\/\/pgmglobal.com\/fr\/\",\"logo\":{\"@type\":\"ImageObject\",\"inLanguage\":\"fr-FR\",\"@id\":\"https:\/\/pgmglobal.com\/fr\/#\/schema\/logo\/image\/\",\"url\":\"https:\/\/pgmglobal.com\/wp-content\/uploads\/2022\/06\/PGMGlobal-blklogo.png\",\"contentUrl\":\"https:\/\/pgmglobal.com\/wp-content\/uploads\/2022\/06\/PGMGlobal-blklogo.png\",\"width\":670,\"height\":380,\"caption\":\"PGM Global\"},\"image\":{\"@id\":\"https:\/\/pgmglobal.com\/fr\/#\/schema\/logo\/image\/\"}}]}<\/script>\n<!-- \/ Yoast SEO plugin. -->","yoast_head_json":{"title":"D\u00e9claration de confidentialit\u00e9 - PGM Global","robots":{"index":"index","follow":"follow","max-snippet":"max-snippet:-1","max-image-preview":"max-image-preview:large","max-video-preview":"max-video-preview:-1"},"canonical":"https:\/\/pgmglobal.com\/fr\/declaration-de-confidentialite\/","og_locale":"fr_FR","og_type":"article","og_title":"D\u00e9claration de confidentialit\u00e9 - PGM Global","og_description":"D\u00e9claration de confidentialit\u00e9 PGM Global Lt\u00e9e s\u2019efforce de prot\u00e9ger le caract\u00e8re priv\u00e9 de vos renseignements personnels et de maintenir une politique g\u00e9n\u00e9rale de transparence en ce qui a trait \u00e0 la collecte, \u00e0 l\u2019utilisation et la divulgation de vos renseignements personnels (tels que d\u00e9finis ci-dessous). Notre d\u00e9claration sur la protection des renseignements personnels a pour [&hellip;]","og_url":"https:\/\/pgmglobal.com\/fr\/declaration-de-confidentialite\/","og_site_name":"PGM Global","article_modified_time":"2024-10-11T19:37:36+00:00","twitter_card":"summary_large_image","twitter_misc":{"Dur\u00e9e de lecture estim\u00e9e":"4 minutes"},"schema":{"@context":"https:\/\/schema.org","@graph":[{"@type":"WebPage","@id":"https:\/\/pgmglobal.com\/fr\/declaration-de-confidentialite\/","url":"https:\/\/pgmglobal.com\/fr\/declaration-de-confidentialite\/","name":"D\u00e9claration de confidentialit\u00e9 - PGM Global","isPartOf":{"@id":"https:\/\/pgmglobal.com\/fr\/#website"},"datePublished":"2022-08-15T13:46:06+00:00","dateModified":"2024-10-11T19:37:36+00:00","breadcrumb":{"@id":"https:\/\/pgmglobal.com\/fr\/declaration-de-confidentialite\/#breadcrumb"},"inLanguage":"fr-FR","potentialAction":[{"@type":"ReadAction","target":["https:\/\/pgmglobal.com\/fr\/declaration-de-confidentialite\/"]}]},{"@type":"BreadcrumbList","@id":"https:\/\/pgmglobal.com\/fr\/declaration-de-confidentialite\/#breadcrumb","itemListElement":[{"@type":"ListItem","position":1,"name":"Home","item":"https:\/\/pgmglobal.com\/fr\/"},{"@type":"ListItem","position":2,"name":"D\u00e9claration de confidentialit\u00e9"}]},{"@type":"WebSite","@id":"https:\/\/pgmglobal.com\/fr\/#website","url":"https:\/\/pgmglobal.com\/fr\/","name":"PGM Global","description":"","publisher":{"@id":"https:\/\/pgmglobal.com\/fr\/#organization"},"potentialAction":[{"@type":"SearchAction","target":{"@type":"EntryPoint","urlTemplate":"https:\/\/pgmglobal.com\/fr\/?s={search_term_string}"},"query-input":{"@type":"PropertyValueSpecification","valueRequired":true,"valueName":"search_term_string"}}],"inLanguage":"fr-FR"},{"@type":"Organization","@id":"https:\/\/pgmglobal.com\/fr\/#organization","name":"PGM Global","url":"https:\/\/pgmglobal.com\/fr\/","logo":{"@type":"ImageObject","inLanguage":"fr-FR","@id":"https:\/\/pgmglobal.com\/fr\/#\/schema\/logo\/image\/","url":"https:\/\/pgmglobal.com\/wp-content\/uploads\/2022\/06\/PGMGlobal-blklogo.png","contentUrl":"https:\/\/pgmglobal.com\/wp-content\/uploads\/2022\/06\/PGMGlobal-blklogo.png","width":670,"height":380,"caption":"PGM Global"},"image":{"@id":"https:\/\/pgmglobal.com\/fr\/#\/schema\/logo\/image\/"}}]}},"_links":{"self":[{"href":"https:\/\/pgmglobal.com\/fr\/wp-json\/wp\/v2\/pages\/1586","targetHints":{"allow":["GET"]}}],"collection":[{"href":"https:\/\/pgmglobal.com\/fr\/wp-json\/wp\/v2\/pages"}],"about":[{"href":"https:\/\/pgmglobal.com\/fr\/wp-json\/wp\/v2\/types\/page"}],"author":[{"embeddable":true,"href":"https:\/\/pgmglobal.com\/fr\/wp-json\/wp\/v2\/users\/2"}],"replies":[{"embeddable":true,"href":"https:\/\/pgmglobal.com\/fr\/wp-json\/wp\/v2\/comments?post=1586"}],"version-history":[{"count":7,"href":"https:\/\/pgmglobal.com\/fr\/wp-json\/wp\/v2\/pages\/1586\/revisions"}],"predecessor-version":[{"id":2626,"href":"https:\/\/pgmglobal.com\/fr\/wp-json\/wp\/v2\/pages\/1586\/revisions\/2626"}],"wp:attachment":[{"href":"https:\/\/pgmglobal.com\/fr\/wp-json\/wp\/v2\/media?parent=1586"}],"curies":[{"name":"wp","href":"https:\/\/api.w.org\/{rel}","templated":true}]}}